{"id":13,"date":"2011-08-23T19:57:06","date_gmt":"2011-08-23T19:57:06","guid":{"rendered":"http:\/\/www.brunodeazevedo.com\/site-pt\/?page_id=13"},"modified":"2019-03-04T19:45:57","modified_gmt":"2019-03-04T19:45:57","slug":"contactos","status":"publish","type":"page","link":"https:\/\/www.brunodeazevedo.com\/pt\/?page_id=13","title":{"rendered":"CONTACTOS"},"content":{"rendered":"<p>Para mais informa\u00e7\u00f5es sobre produzir, misturar, masterizar, comp\u00f4r a sua musica ou outros esclarecimentos contacte:<\/p>\n<p>E-mail: recordsbz5@gmail.com<\/p>\n<p>Telem\u00f3vel: (+351) 915505000<\/p>\n<p>Fa\u00e7a o download do CV do Bruno aqui:<a  data-e-Disable-Page-Transition=\"true\" class=\"download-link\" title=\"\" href=\"https:\/\/www.brunodeazevedo.com\/pt?download=479&amp;tmstv=1779055183\" rel=\"nofollow\" id=\"download-link-479\" >\n\tCV - Portugue\u0302s 2019\t(1938 downloads\t)\n<\/a>\n<\/p>\n","protected":false},"excerpt":{"rendered":"<p>Para mais informa\u00e7\u00f5es sobre produzir, misturar, masterizar, comp\u00f4r a sua musica ou outros esclarecimentos contacte: E-mail: recordsbz5@gmail.com Telem\u00f3vel: (+351) 915505000 Fa\u00e7a o download do CV do Bruno aqui:<\/p>\n","protected":false},"author":1,"featured_media":0,"parent":0,"menu_order":0,"comment_status":"open","ping_status":"open","template":"","meta":{"footnotes":""},"class_list":["post-13","page","type-page","status-publish","hentry"],"_links":{"self":[{"href":"https:\/\/www.brunodeazevedo.com\/pt\/index.php?rest_route=\/wp\/v2\/pages\/13","targetHints":{"allow":["GET"]}}],"collection":[{"href":"https:\/\/www.brunodeazevedo.com\/pt\/index.php?rest_route=\/wp\/v2\/pages"}],"about":[{"href":"https:\/\/www.brunodeazevedo.com\/pt\/index.php?rest_route=\/wp\/v2\/types\/page"}],"author":[{"embeddable":true,"href":"https:\/\/www.brunodeazevedo.com\/pt\/index.php?rest_route=\/wp\/v2\/users\/1"}],"replies":[{"embeddable":true,"href":"https:\/\/www.brunodeazevedo.com\/pt\/index.php?rest_route=%2Fwp%2Fv2%2Fcomments&post=13"}],"version-history":[{"count":21,"href":"https:\/\/www.brunodeazevedo.com\/pt\/index.php?rest_route=\/wp\/v2\/pages\/13\/revisions"}],"predecessor-version":[{"id":491,"href":"https:\/\/www.brunodeazevedo.com\/pt\/index.php?rest_route=\/wp\/v2\/pages\/13\/revisions\/491"}],"wp:attachment":[{"href":"https:\/\/www.brunodeazevedo.com\/pt\/index.php?rest_route=%2Fwp%2Fv2%2Fmedia&parent=13"}],"curies":[{"name":"wp","href":"https:\/\/api.w.org\/{rel}","templated":true}]}}