{"id":365,"date":"2015-02-20T01:27:50","date_gmt":"2015-02-20T01:27:50","guid":{"rendered":"http:\/\/www.brunodeazevedo.com\/pt\/?page_id=365"},"modified":"2019-07-17T14:14:21","modified_gmt":"2019-07-17T14:14:21","slug":"bz-5-records","status":"publish","type":"page","link":"https:\/\/www.brunodeazevedo.com\/pt\/?page_id=365","title":{"rendered":"BZ 5 RECORDS"},"content":{"rendered":"<p><a href=\"https:\/\/www.brunodeazevedo.com\/pt\/wp-content\/uploads\/2019\/07\/20190717_131444.jpg\"><img loading=\"lazy\" decoding=\"async\" class=\"alignleft size-full wp-image-501\" src=\"https:\/\/www.brunodeazevedo.com\/pt\/wp-content\/uploads\/2019\/07\/20190717_131444.jpg\" alt=\"\" width=\"2336\" height=\"1080\" srcset=\"https:\/\/www.brunodeazevedo.com\/pt\/wp-content\/uploads\/2019\/07\/20190717_131444.jpg 2336w, https:\/\/www.brunodeazevedo.com\/pt\/wp-content\/uploads\/2019\/07\/20190717_131444-300x139.jpg 300w, https:\/\/www.brunodeazevedo.com\/pt\/wp-content\/uploads\/2019\/07\/20190717_131444-768x355.jpg 768w, https:\/\/www.brunodeazevedo.com\/pt\/wp-content\/uploads\/2019\/07\/20190717_131444-1024x473.jpg 1024w\" sizes=\"auto, (max-width: 2336px) 100vw, 2336px\" \/><\/a><\/p>\n<p id=\"yui_3_16_0_1_1424301810251_62536\" class=\"yiv2365076786\">A BZ5Records \u00e9 a concretiza\u00e7\u00e3o das diversas pot\u00eancias que tenho vindo a trabalhar ao longo dos anos.<\/p>\n<p class=\"yiv2365076786\">Enquanto est\u00fadio de grava\u00e7\u00e3o, investe numa diversa gama de \u00e1reas que se estendem desde a m\u00fasica (Rock, Fus\u00e3o, Funk, Hip-hop, Electronica, Metal ou outros estilos emergentes) \u00e0 r\u00e1dio (programas, spots publicit\u00e1rios, composi\u00e7\u00e3o musical), ao filme (grava\u00e7\u00e3o e edi\u00e7\u00e3o video, sound design, foley, ADR), \u00e0 produ\u00e7\u00e3o de audio para realidade virtual 360 ou \u00e0 composi\u00e7\u00e3o musical para artes performativas.<\/p>\n","protected":false},"excerpt":{"rendered":"<p>A BZ5Records \u00e9 a concretiza\u00e7\u00e3o das diversas pot\u00eancias que tenho vindo a trabalhar ao longo dos anos. Enquanto est\u00fadio de grava\u00e7\u00e3o, investe numa diversa gama de \u00e1reas que se estendem desde a m\u00fasica (Rock, Fus\u00e3o, Funk, Hip-hop, Electronica, Metal ou &hellip; <a href=\"https:\/\/www.brunodeazevedo.com\/pt\/?page_id=365\">Continue reading <span class=\"meta-nav\">&rarr;<\/span><\/a><\/p>\n","protected":false},"author":2,"featured_media":0,"parent":0,"menu_order":0,"comment_status":"open","ping_status":"open","template":"","meta":{"footnotes":""},"class_list":["post-365","page","type-page","status-publish","hentry"],"_links":{"self":[{"href":"https:\/\/www.brunodeazevedo.com\/pt\/index.php?rest_route=\/wp\/v2\/pages\/365","targetHints":{"allow":["GET"]}}],"collection":[{"href":"https:\/\/www.brunodeazevedo.com\/pt\/index.php?rest_route=\/wp\/v2\/pages"}],"about":[{"href":"https:\/\/www.brunodeazevedo.com\/pt\/index.php?rest_route=\/wp\/v2\/types\/page"}],"author":[{"embeddable":true,"href":"https:\/\/www.brunodeazevedo.com\/pt\/index.php?rest_route=\/wp\/v2\/users\/2"}],"replies":[{"embeddable":true,"href":"https:\/\/www.brunodeazevedo.com\/pt\/index.php?rest_route=%2Fwp%2Fv2%2Fcomments&post=365"}],"version-history":[{"count":9,"href":"https:\/\/www.brunodeazevedo.com\/pt\/index.php?rest_route=\/wp\/v2\/pages\/365\/revisions"}],"predecessor-version":[{"id":502,"href":"https:\/\/www.brunodeazevedo.com\/pt\/index.php?rest_route=\/wp\/v2\/pages\/365\/revisions\/502"}],"wp:attachment":[{"href":"https:\/\/www.brunodeazevedo.com\/pt\/index.php?rest_route=%2Fwp%2Fv2%2Fmedia&parent=365"}],"curies":[{"name":"wp","href":"https:\/\/api.w.org\/{rel}","templated":true}]}}